{"id":373,"date":"2020-08-19T11:57:54","date_gmt":"2020-08-19T08:57:54","guid":{"rendered":"https:\/\/hoidata.powerpanda.fi\/ajankohtaista"},"modified":"2021-03-25T11:58:25","modified_gmt":"2021-03-25T09:58:25","slug":"news","status":"publish","type":"page","link":"https:\/\/hoidata.fi\/en\/news","title":{"rendered":"News"},"content":{"rendered":"[vc_row type=&#8221;full_width_background&#8221; full_screen_row_position=&#8221;middle&#8221; column_margin=&#8221;default&#8221; equal_height=&#8221;yes&#8221; content_placement=&#8221;middle&#8221; column_direction=&#8221;default&#8221; column_direction_tablet=&#8221;default&#8221; column_direction_phone=&#8221;default&#8221; bg_color=&#8221;#d1d1ca&#8221; bg_image=&#8221;285&#8243; bg_position=&#8221;left center&#8221; bg_repeat=&#8221;no-repeat&#8221; scene_position=&#8221;center&#8221; top_padding=&#8221;12%&#8221; bottom_padding=&#8221;10%&#8221; text_color=&#8221;light&#8221; text_align=&#8221;left&#8221; row_border_radius=&#8221;none&#8221; row_border_radius_applies=&#8221;bg&#8221; color_overlay=&#8221;#000000&#8243; overlay_strength=&#8221;0.3&#8243; gradient_direction=&#8221;left_to_right&#8221; shape_divider_color=&#8221;#ffffff&#8221; shape_divider_position=&#8221;bottom&#8221; shape_divider_height=&#8221;350&#8243; shape_divider_bring_to_front=&#8221;true&#8221; bg_image_animation=&#8221;fade-in&#8221; shape_type=&#8221;waves&#8221;][vc_column column_padding=&#8221;no-extra-padding&#8221; column_padding_tablet=&#8221;inherit&#8221; column_padding_phone=&#8221;inherit&#8221; column_padding_position=&#8221;all&#8221; background_color_opacity=&#8221;1&#8243; background_hover_color_opacity=&#8221;1&#8243; column_shadow=&#8221;none&#8221; column_border_radius=&#8221;none&#8221; column_link_target=&#8221;_self&#8221; gradient_direction=&#8221;left_to_right&#8221; overlay_strength=&#8221;0.3&#8243; width=&#8221;1\/2&#8243; tablet_width_inherit=&#8221;default&#8221; tablet_text_alignment=&#8221;default&#8221; phone_text_alignment=&#8221;default&#8221; column_border_width=&#8221;none&#8221; column_border_style=&#8221;solid&#8221; bg_image_animation=&#8221;none&#8221;][vc_row_inner column_margin=&#8221;default&#8221; column_direction=&#8221;default&#8221; column_direction_tablet=&#8221;default&#8221; column_direction_phone=&#8221;default&#8221; text_align=&#8221;left&#8221;][vc_column_inner column_padding=&#8221;no-extra-padding&#8221; column_padding_tablet=&#8221;inherit&#8221; column_padding_phone=&#8221;inherit&#8221; column_padding_position=&#8221;all&#8221; background_color_opacity=&#8221;1&#8243; background_hover_color_opacity=&#8221;1&#8243; column_shadow=&#8221;none&#8221; column_border_radius=&#8221;none&#8221; column_link_target=&#8221;_self&#8221; gradient_direction=&#8221;left_to_right&#8221; overlay_strength=&#8221;0.3&#8243; width=&#8221;1\/1&#8243; tablet_width_inherit=&#8221;default&#8221; column_border_width=&#8221;none&#8221; column_border_style=&#8221;solid&#8221; bg_image_animation=&#8221;none&#8221;][split_line_heading animation_type=&#8221;line-reveal-by-space&#8221; font_style=&#8221;h1&#8243; text_color=&#8221;#ffffff&#8221; text_content=&#8221;News&#8221;][\/split_line_heading][vc_custom_heading text=&#8221;Latest news&#8221; font_container=&#8221;tag:h4|text_align:left|color:%23ffffff&#8221; use_theme_fonts=&#8221;yes&#8221; css_animation=&#8221;fadeInUp&#8221;][\/vc_column_inner][\/vc_row_inner][vc_row_inner column_margin=&#8221;default&#8221; column_direction=&#8221;default&#8221; column_direction_tablet=&#8221;default&#8221; column_direction_phone=&#8221;default&#8221; text_align=&#8221;left&#8221;][vc_column_inner column_padding=&#8221;no-extra-padding&#8221; column_padding_tablet=&#8221;inherit&#8221; column_padding_phone=&#8221;inherit&#8221; column_padding_position=&#8221;all&#8221; background_color_opacity=&#8221;1&#8243; background_hover_color_opacity=&#8221;1&#8243; column_shadow=&#8221;none&#8221; column_border_radius=&#8221;none&#8221; column_link_target=&#8221;_self&#8221; gradient_direction=&#8221;left_to_right&#8221; overlay_strength=&#8221;0.3&#8243; width=&#8221;1\/1&#8243; tablet_width_inherit=&#8221;default&#8221; column_border_width=&#8221;none&#8221; column_border_style=&#8221;solid&#8221; bg_image_animation=&#8221;none&#8221; enable_animation=&#8221;true&#8221; animation=&#8221;fade-in&#8221; delay=&#8221;800&#8243;][nectar_cta btn_style=&#8221;arrow-animation&#8221; heading_tag=&#8221;h4&#8243; text_color=&#8221;#ffffff&#8221; button_color=&#8221;accent-color&#8221; link_type=&#8221;regular&#8221; alignment=&#8221;left&#8221; display=&#8221;block&#8221; link_text=&#8221;Read more&#8221; url=&#8221;#news&#8221; margin_top=&#8221;30&#8243; padding_top=&#8221;20&#8243; padding_right=&#8221;40&#8243; padding_bottom=&#8221;20&#8243; padding_left=&#8221;40&#8243;][\/vc_column_inner][\/vc_row_inner][\/vc_column][vc_column column_padding=&#8221;no-extra-padding&#8221; column_padding_tablet=&#8221;inherit&#8221; column_padding_phone=&#8221;inherit&#8221; column_padding_position=&#8221;all&#8221; background_color_opacity=&#8221;1&#8243; background_hover_color_opacity=&#8221;1&#8243; column_shadow=&#8221;none&#8221; column_border_radius=&#8221;none&#8221; column_link_target=&#8221;_self&#8221; gradient_direction=&#8221;left_to_right&#8221; overlay_strength=&#8221;0.3&#8243; width=&#8221;1\/2&#8243; tablet_width_inherit=&#8221;default&#8221; tablet_text_alignment=&#8221;default&#8221; phone_text_alignment=&#8221;default&#8221; column_border_width=&#8221;none&#8221; column_border_style=&#8221;solid&#8221; bg_image_animation=&#8221;none&#8221;][\/vc_column][\/vc_row][vc_row type=&#8221;full_width_background&#8221; full_screen_row_position=&#8221;middle&#8221; column_margin=&#8221;default&#8221; column_direction=&#8221;default&#8221; column_direction_tablet=&#8221;default&#8221; column_direction_phone=&#8221;default&#8221; bg_color=&#8221;#ffffff&#8221; scene_position=&#8221;center&#8221; top_padding=&#8221;6%&#8221; constrain_group_1=&#8221;yes&#8221; bottom_padding=&#8221;6%&#8221; text_color=&#8221;dark&#8221; text_align=&#8221;left&#8221; row_border_radius=&#8221;none&#8221; row_border_radius_applies=&#8221;bg&#8221; id=&#8221;news&#8221; overlay_strength=&#8221;0.3&#8243; gradient_direction=&#8221;left_to_right&#8221; shape_divider_color=&#8221;#f7f7f7&#8243; shape_divider_position=&#8221;bottom&#8221; shape_divider_height=&#8221;350&#8243; shape_divider_bring_to_front=&#8221;true&#8221; bg_image_animation=&#8221;none&#8221; shape_type=&#8221;waves&#8221;][vc_column column_padding=&#8221;no-extra-padding&#8221; column_padding_tablet=&#8221;inherit&#8221; column_padding_phone=&#8221;inherit&#8221; column_padding_position=&#8221;all&#8221; background_color_opacity=&#8221;1&#8243; background_hover_color_opacity=&#8221;1&#8243; column_shadow=&#8221;none&#8221; column_border_radius=&#8221;none&#8221; column_link_target=&#8221;_self&#8221; gradient_direction=&#8221;left_to_right&#8221; overlay_strength=&#8221;0.3&#8243; width=&#8221;1\/1&#8243; tablet_width_inherit=&#8221;default&#8221; tablet_text_alignment=&#8221;default&#8221; phone_text_alignment=&#8221;default&#8221; column_border_width=&#8221;none&#8221; column_border_style=&#8221;solid&#8221; bg_image_animation=&#8221;none&#8221;][vc_custom_heading text=&#8221;HoiData ReSS presentation at Acendio conference 20.3.2021.&#8221; font_container=&#8221;tag:h3|text_align:left&#8221; use_theme_fonts=&#8221;yes&#8221;][divider line_type=&#8221;No Line&#8221;][vc_column_text]\n<h3>Greetings from Acendio conference. Our presentation received a lot of attention. <a href=\"https:\/\/hoidata.fi\/wp-content\/uploads\/2021\/03\/Acendio-abstract.pdf\" target=\"_blank\" rel=\"noopener\">Read \u00bb<\/a><\/h3>\n[\/vc_column_text][\/vc_column][\/vc_row]\n","protected":false},"excerpt":{"rendered":"<p>[vc_row type=&#8221;full_width_background&#8221; full_screen_row_position=&#8221;middle&#8221; column_margin=&#8221;default&#8221; equal_height=&#8221;yes&#8221; content_placement=&#8221;middle&#8221; column_direction=&#8221;default&#8221; column_direction_tablet=&#8221;default&#8221; column_direction_phone=&#8221;default&#8221; bg_color=&#8221;#d1d1ca&#8221; bg_image=&#8221;285&#8243; bg_position=&#8221;left center&#8221; bg_repeat=&#8221;no-repeat&#8221; scene_position=&#8221;center&#8221; top_padding=&#8221;12%&#8221; bottom_padding=&#8221;10%&#8221; text_color=&#8221;light&#8221; text_align=&#8221;left&#8221; row_border_radius=&#8221;none&#8221; row_border_radius_applies=&#8221;bg&#8221; color_overlay=&#8221;#000000&#8243; overlay_strength=&#8221;0.3&#8243; gradient_direction=&#8221;left_to_right&#8221; shape_divider_color=&#8221;#ffffff&#8221; shape_divider_position=&#8221;bottom&#8221; shape_divider_height=&#8221;350&#8243; shape_divider_bring_to_front=&#8221;true&#8221; bg_image_animation=&#8221;fade-in&#8221; shape_type=&#8221;waves&#8221;][vc_column&#8230;<\/p>\n","protected":false},"author":4,"featured_media":0,"parent":0,"menu_order":0,"comment_status":"closed","ping_status":"closed","template":"","meta":{"footnotes":""},"class_list":["post-373","page","type-page","status-publish"],"yoast_head":"<!-- This site is optimized with the Yoast SEO plugin v27.4 - https:\/\/yoast.com\/product\/yoast-seo-wordpress\/ -->\n<title>News - HoiData - Terveydenhuollon kehitt\u00e4mis- ja suunnitteluty\u00f6<\/title>\n<meta name=\"description\" content=\"HoiData tarjoaa erilaisia konsultointi- ja asiantuntijapalveluja terveydenhuollon kehitt\u00e4mis- ja suunnitteluty\u00f6lle. Ota yhteytt\u00e4 ja kysy lis\u00e4\u00e4.\" \/>\n<meta name=\"robots\" content=\"index, follow, max-snippet:-1, max-image-preview:large, max-video-preview:-1\" \/>\n<link rel=\"canonical\" href=\"https:\/\/hoidata.fi\/en\/news\" \/>\n<meta property=\"og:locale\" content=\"en_US\" \/>\n<meta property=\"og:type\" content=\"article\" \/>\n<meta property=\"og:title\" content=\"News - HoiData - Terveydenhuollon kehitt\u00e4mis- ja suunnitteluty\u00f6\" \/>\n<meta property=\"og:description\" content=\"HoiData tarjoaa erilaisia konsultointi- ja asiantuntijapalveluja terveydenhuollon kehitt\u00e4mis- ja suunnitteluty\u00f6lle. Ota yhteytt\u00e4 ja kysy lis\u00e4\u00e4.\" \/>\n<meta property=\"og:url\" content=\"https:\/\/hoidata.fi\/en\/news\" \/>\n<meta property=\"og:site_name\" content=\"HoiData\" \/>\n<meta property=\"article:modified_time\" content=\"2021-03-25T09:58:25+00:00\" \/>\n<meta name=\"twitter:card\" content=\"summary_large_image\" \/>\n<meta name=\"twitter:label1\" content=\"Est. reading time\" \/>\n\t<meta name=\"twitter:data1\" content=\"1 minute\" \/>\n<script type=\"application\/ld+json\" class=\"yoast-schema-graph\">{\"@context\":\"https:\\\/\\\/schema.org\",\"@graph\":[{\"@type\":\"WebPage\",\"@id\":\"https:\\\/\\\/hoidata.fi\\\/en\\\/news\",\"url\":\"https:\\\/\\\/hoidata.fi\\\/en\\\/news\",\"name\":\"News - HoiData - Terveydenhuollon kehitt\u00e4mis- ja suunnitteluty\u00f6\",\"isPartOf\":{\"@id\":\"https:\\\/\\\/hoidata.fi\\\/#website\"},\"datePublished\":\"2020-08-19T08:57:54+00:00\",\"dateModified\":\"2021-03-25T09:58:25+00:00\",\"description\":\"HoiData tarjoaa erilaisia konsultointi- ja asiantuntijapalveluja terveydenhuollon kehitt\u00e4mis- ja suunnitteluty\u00f6lle. Ota yhteytt\u00e4 ja kysy lis\u00e4\u00e4.\",\"breadcrumb\":{\"@id\":\"https:\\\/\\\/hoidata.fi\\\/en\\\/news#breadcrumb\"},\"inLanguage\":\"en-US\",\"potentialAction\":[{\"@type\":\"ReadAction\",\"target\":[\"https:\\\/\\\/hoidata.fi\\\/en\\\/news\"]}]},{\"@type\":\"BreadcrumbList\",\"@id\":\"https:\\\/\\\/hoidata.fi\\\/en\\\/news#breadcrumb\",\"itemListElement\":[{\"@type\":\"ListItem\",\"position\":1,\"name\":\"Home\",\"item\":\"https:\\\/\\\/hoidata.fi\\\/en\"},{\"@type\":\"ListItem\",\"position\":2,\"name\":\"News\"}]},{\"@type\":\"WebSite\",\"@id\":\"https:\\\/\\\/hoidata.fi\\\/#website\",\"url\":\"https:\\\/\\\/hoidata.fi\\\/\",\"name\":\"HoiData\",\"description\":\"Automaattinen hoitajamitoitus\",\"publisher\":{\"@id\":\"https:\\\/\\\/hoidata.fi\\\/#organization\"},\"potentialAction\":[{\"@type\":\"SearchAction\",\"target\":{\"@type\":\"EntryPoint\",\"urlTemplate\":\"https:\\\/\\\/hoidata.fi\\\/?s={search_term_string}\"},\"query-input\":{\"@type\":\"PropertyValueSpecification\",\"valueRequired\":true,\"valueName\":\"search_term_string\"}}],\"inLanguage\":\"en-US\"},{\"@type\":\"Organization\",\"@id\":\"https:\\\/\\\/hoidata.fi\\\/#organization\",\"name\":\"HoiData Oy\",\"url\":\"https:\\\/\\\/hoidata.fi\\\/\",\"logo\":{\"@type\":\"ImageObject\",\"inLanguage\":\"en-US\",\"@id\":\"https:\\\/\\\/hoidata.fi\\\/#\\\/schema\\\/logo\\\/image\\\/\",\"url\":\"https:\\\/\\\/hoidata.fi\\\/wp-content\\\/uploads\\\/2019\\\/10\\\/Hoidata-logo-1000.png\",\"contentUrl\":\"https:\\\/\\\/hoidata.fi\\\/wp-content\\\/uploads\\\/2019\\\/10\\\/Hoidata-logo-1000.png\",\"width\":1000,\"height\":212,\"caption\":\"HoiData Oy\"},\"image\":{\"@id\":\"https:\\\/\\\/hoidata.fi\\\/#\\\/schema\\\/logo\\\/image\\\/\"}}]}<\/script>\n<!-- \/ Yoast SEO plugin. -->","yoast_head_json":{"title":"News - HoiData - Terveydenhuollon kehitt\u00e4mis- ja suunnitteluty\u00f6","description":"HoiData tarjoaa erilaisia konsultointi- ja asiantuntijapalveluja terveydenhuollon kehitt\u00e4mis- ja suunnitteluty\u00f6lle. Ota yhteytt\u00e4 ja kysy lis\u00e4\u00e4.","robots":{"index":"index","follow":"follow","max-snippet":"max-snippet:-1","max-image-preview":"max-image-preview:large","max-video-preview":"max-video-preview:-1"},"canonical":"https:\/\/hoidata.fi\/en\/news","og_locale":"en_US","og_type":"article","og_title":"News - HoiData - Terveydenhuollon kehitt\u00e4mis- ja suunnitteluty\u00f6","og_description":"HoiData tarjoaa erilaisia konsultointi- ja asiantuntijapalveluja terveydenhuollon kehitt\u00e4mis- ja suunnitteluty\u00f6lle. Ota yhteytt\u00e4 ja kysy lis\u00e4\u00e4.","og_url":"https:\/\/hoidata.fi\/en\/news","og_site_name":"HoiData","article_modified_time":"2021-03-25T09:58:25+00:00","twitter_card":"summary_large_image","twitter_misc":{"Est. reading time":"1 minute"},"schema":{"@context":"https:\/\/schema.org","@graph":[{"@type":"WebPage","@id":"https:\/\/hoidata.fi\/en\/news","url":"https:\/\/hoidata.fi\/en\/news","name":"News - HoiData - Terveydenhuollon kehitt\u00e4mis- ja suunnitteluty\u00f6","isPartOf":{"@id":"https:\/\/hoidata.fi\/#website"},"datePublished":"2020-08-19T08:57:54+00:00","dateModified":"2021-03-25T09:58:25+00:00","description":"HoiData tarjoaa erilaisia konsultointi- ja asiantuntijapalveluja terveydenhuollon kehitt\u00e4mis- ja suunnitteluty\u00f6lle. Ota yhteytt\u00e4 ja kysy lis\u00e4\u00e4.","breadcrumb":{"@id":"https:\/\/hoidata.fi\/en\/news#breadcrumb"},"inLanguage":"en-US","potentialAction":[{"@type":"ReadAction","target":["https:\/\/hoidata.fi\/en\/news"]}]},{"@type":"BreadcrumbList","@id":"https:\/\/hoidata.fi\/en\/news#breadcrumb","itemListElement":[{"@type":"ListItem","position":1,"name":"Home","item":"https:\/\/hoidata.fi\/en"},{"@type":"ListItem","position":2,"name":"News"}]},{"@type":"WebSite","@id":"https:\/\/hoidata.fi\/#website","url":"https:\/\/hoidata.fi\/","name":"HoiData","description":"Automaattinen hoitajamitoitus","publisher":{"@id":"https:\/\/hoidata.fi\/#organization"},"potentialAction":[{"@type":"SearchAction","target":{"@type":"EntryPoint","urlTemplate":"https:\/\/hoidata.fi\/?s={search_term_string}"},"query-input":{"@type":"PropertyValueSpecification","valueRequired":true,"valueName":"search_term_string"}}],"inLanguage":"en-US"},{"@type":"Organization","@id":"https:\/\/hoidata.fi\/#organization","name":"HoiData Oy","url":"https:\/\/hoidata.fi\/","logo":{"@type":"ImageObject","inLanguage":"en-US","@id":"https:\/\/hoidata.fi\/#\/schema\/logo\/image\/","url":"https:\/\/hoidata.fi\/wp-content\/uploads\/2019\/10\/Hoidata-logo-1000.png","contentUrl":"https:\/\/hoidata.fi\/wp-content\/uploads\/2019\/10\/Hoidata-logo-1000.png","width":1000,"height":212,"caption":"HoiData Oy"},"image":{"@id":"https:\/\/hoidata.fi\/#\/schema\/logo\/image\/"}}]}},"_links":{"self":[{"href":"https:\/\/hoidata.fi\/en\/wp-json\/wp\/v2\/pages\/373","targetHints":{"allow":["GET"]}}],"collection":[{"href":"https:\/\/hoidata.fi\/en\/wp-json\/wp\/v2\/pages"}],"about":[{"href":"https:\/\/hoidata.fi\/en\/wp-json\/wp\/v2\/types\/page"}],"author":[{"embeddable":true,"href":"https:\/\/hoidata.fi\/en\/wp-json\/wp\/v2\/users\/4"}],"replies":[{"embeddable":true,"href":"https:\/\/hoidata.fi\/en\/wp-json\/wp\/v2\/comments?post=373"}],"version-history":[{"count":5,"href":"https:\/\/hoidata.fi\/en\/wp-json\/wp\/v2\/pages\/373\/revisions"}],"predecessor-version":[{"id":443,"href":"https:\/\/hoidata.fi\/en\/wp-json\/wp\/v2\/pages\/373\/revisions\/443"}],"wp:attachment":[{"href":"https:\/\/hoidata.fi\/en\/wp-json\/wp\/v2\/media?parent=373"}],"curies":[{"name":"wp","href":"https:\/\/api.w.org\/{rel}","templated":true}]}}